{"id":46846,"date":"2023-03-17T09:31:45","date_gmt":"2023-03-17T08:31:45","guid":{"rendered":"https:\/\/2024.fim-6days.com\/isde-history\/"},"modified":"2023-03-17T09:46:56","modified_gmt":"2023-03-17T08:46:56","slug":"historia-del-isde","status":"publish","type":"page","link":"https:\/\/2024.fim-6days.com\/es\/historia-del-isde\/","title":{"rendered":"Historia del ISDE"},"content":{"rendered":"<p><div class=\"fusion-fullwidth fullwidth-box fusion-builder-row-1 nonhundred-percent-fullwidth non-hundred-percent-height-scrolling\" style=\"--awb-background-position:right top;--awb-border-radius-top-left:0px;--awb-border-radius-top-right:0px;--awb-border-radius-bottom-right:0px;--awb-border-radius-bottom-left:0px;--awb-padding-top:4%;--awb-padding-bottom:9%;--awb-margin-bottom:0px;--awb-flex-wrap:wrap;\" ><div class=\"fusion-builder-row fusion-row\"><div class=\"fusion-layout-column fusion_builder_column fusion-builder-column-0 fusion_builder_column_1_1 1_1 fusion-one-full fusion-column-first fusion-column-last fusion-animated\" style=\"--awb-padding-top:0px;--awb-bg-size:cover;--awb-margin-bottom:10px;\" data-animationType=\"fadeInDown\" data-animationDuration=\"0.6\" data-animationOffset=\"top-into-view\"><div class=\"fusion-column-wrapper fusion-column-has-shadow fusion-flex-column-wrapper-legacy\"><div class=\"fusion-title title fusion-title-1 fusion-sep-none fusion-title-center fusion-title-text fusion-title-size-one titl-color\" style=\"--awb-margin-top:0px;\"><h1 class=\"fusion-title-heading title-heading-center fusion-responsive-typography-calculated\" style=\"margin:0;--fontSize:42;line-height:1.29;\"><p style=\"text-align: center;\">Historia del ISDE<\/p><\/h1><\/div><div class=\"fusion-clearfix\"><\/div><\/div><\/div><\/div><\/div><div class=\"fusion-fullwidth fullwidth-box fusion-builder-row-2 nonhundred-percent-fullwidth non-hundred-percent-height-scrolling\" style=\"--awb-border-radius-top-left:0px;--awb-border-radius-top-right:0px;--awb-border-radius-bottom-right:0px;--awb-border-radius-bottom-left:0px;--awb-padding-bottom:5%;--awb-margin-top:5%;--awb-flex-wrap:wrap;\" ><div class=\"fusion-builder-row fusion-row\"><div class=\"fusion-layout-column fusion_builder_column fusion-builder-column-1 fusion_builder_column_1_3 1_3 fusion-one-third fusion-column-first fusion-animated\" style=\"--awb-bg-size:cover;width:33.333333333333%;width:calc(33.333333333333% - ( ( 5% + 5% ) * 0.33333333333333 ) );margin-right: 5%;\" data-animationType=\"fadeInUp\" data-animationDuration=\"0.6\" data-animationOffset=\"top-into-view\"><div class=\"fusion-column-wrapper fusion-column-has-shadow fusion-flex-column-wrapper-legacy\"><div class=\"fusion-text fusion-text-1\" style=\"--awb-text-transform:none;\"><p><strong>Hace m\u00e1s de un siglo, en 1913, naci\u00f3 el m\u00e1s emocionante y venerable de los eventos de motociclismo off-road. Lo conocemos como los Seis D\u00edas Internacionales de Enduro (International Six Days of Enduro) y su larga historia sigue desarroll\u00e1ndose hoy en d\u00eda.<\/strong><\/p>\n<p>Los brit\u00e1nicos lanzaron la idea de una competencia conocida como Silver Vase para equipos formados por tres pilotos que deb\u00edan utilizar motos fabricadas en sus propios pa\u00edses. M\u00e1s tarde, se introdujo el <strong>World Trophy (<\/strong>Trofeo Mundial<strong>)<\/strong>. En este trofeo compet\u00edan grupos de cuatro pilotos y, a diferencia del Silver Vase, los pilotos pod\u00edan conducir motos de cualquier parte del mundo.<\/p>\n<\/div><div class=\"fusion-clearfix\"><\/div><\/div><\/div><div class=\"fusion-layout-column fusion_builder_column fusion-builder-column-2 fusion_builder_column_1_3 1_3 fusion-one-third fusion-animated\" style=\"--awb-bg-size:cover;width:33.333333333333%;width:calc(33.333333333333% - ( ( 5% + 5% ) * 0.33333333333333 ) );margin-right: 5%;\" data-animationType=\"fadeInUp\" data-animationDuration=\"0.6\" data-animationOffset=\"top-into-view\"><div class=\"fusion-column-wrapper fusion-column-has-shadow fusion-flex-column-wrapper-legacy\"><div class=\"fusion-text fusion-text-2\" style=\"--awb-text-transform:none;\"><p>El <strong>World Trophy <\/strong>marc\u00f3 el inicio de una nueva era caracterizada por el dominio brit\u00e1nico. El trofeo fue ganado por la misma delegaci\u00f3n diecis\u00e9is veces. Sin embargo, en el Silver Vase, fue Checoslovaquia la que no tuvo rival. Establecieron un r\u00e9cord de diecisiete victorias que a\u00fan no ha sido superado.<\/p>\n<p>Durante tres d\u00e9cadas sucesivas, en los a\u00f1os \u201850, \u201860 y \u201870, Europa del este lider\u00f3 la competici\u00f3n, con Alemania del Este y Checoslovaquia a la cabeza.<\/p>\n<p>Sin embargo, a partir de principios de los \u201880, cuando se cambi\u00f3 el nombre del evento de Seis D\u00edas Internacionales de Trial a Seis D\u00edas Internacionales de Enduro (ISDE), Italia y Suecia se convirtieron en las naciones m\u00e1s fuertes, luchando durante los siguientes quince a\u00f1os.<\/p>\n<\/div><div class=\"fusion-clearfix\"><\/div><\/div><\/div><div class=\"fusion-layout-column fusion_builder_column fusion-builder-column-3 fusion_builder_column_1_3 1_3 fusion-one-third fusion-column-last fusion-animated\" style=\"--awb-bg-size:cover;width:33.333333333333%;width:calc(33.333333333333% - ( ( 5% + 5% ) * 0.33333333333333 ) );\" data-animationType=\"fadeInUp\" data-animationDuration=\"0.6\" data-animationOffset=\"top-into-view\"><div class=\"fusion-column-wrapper fusion-column-has-shadow fusion-flex-column-wrapper-legacy\"><div class=\"fusion-image-element in-legacy-container\" style=\"--awb-caption-title-font-family:var(--h2_typography-font-family);--awb-caption-title-font-weight:var(--h2_typography-font-weight);--awb-caption-title-font-style:var(--h2_typography-font-style);--awb-caption-title-size:var(--h2_typography-font-size);--awb-caption-title-transform:var(--h2_typography-text-transform);--awb-caption-title-line-height:var(--h2_typography-line-height);--awb-caption-title-letter-spacing:var(--h2_typography-letter-spacing);\"><span class=\" fusion-imageframe imageframe-none imageframe-1 hover-type-none fusion-animated\" data-animationType=\"fadeInDown\" data-animationDuration=\"0.3\" data-animationOffset=\"top-into-view\"><img decoding=\"async\" width=\"600\" height=\"666\" title=\"Historia_FIMISDE_1\" src=\"https:\/\/www.fim-isde.com\/2024-spain\/wp-content\/uploads\/sites\/9\/2019\/07\/Historia_FIMISDE_1.jpg\" alt class=\"img-responsive wp-image-46848\" srcset=\"https:\/\/2024.fim-6days.com\/wp-content\/uploads\/sites\/9\/2019\/07\/Historia_FIMISDE_1-200x222.jpg 200w, https:\/\/2024.fim-6days.com\/wp-content\/uploads\/sites\/9\/2019\/07\/Historia_FIMISDE_1-400x444.jpg 400w, https:\/\/2024.fim-6days.com\/wp-content\/uploads\/sites\/9\/2019\/07\/Historia_FIMISDE_1.jpg 600w\" sizes=\"(max-width: 900px) 100vw, 400px\" \/><\/span><\/div><div class=\"fusion-sep-clear\"><\/div><div class=\"fusion-separator fusion-full-width-sep\" style=\"margin-left: auto;margin-right: auto;margin-bottom:30px;width:100%;\"><\/div><div class=\"fusion-sep-clear\"><\/div><div class=\"fusion-clearfix\"><\/div><\/div><\/div><div class=\"fusion-layout-column fusion_builder_column fusion-builder-column-4 fusion_builder_column_2_3 2_3 fusion-two-third fusion-column-first fusion-animated\" style=\"--awb-bg-size:cover;width:66.666666666667%;width:calc(66.666666666667% - ( ( 5% ) * 0.66666666666667 ) );margin-right: 5%;\" data-animationType=\"fadeInUp\" data-animationDuration=\"0.6\" data-animationOffset=\"top-into-view\"><div class=\"fusion-column-wrapper fusion-column-has-shadow fusion-flex-column-wrapper-legacy\"><div class=\"fusion-image-element in-legacy-container\" style=\"--awb-caption-title-font-family:var(--h2_typography-font-family);--awb-caption-title-font-weight:var(--h2_typography-font-weight);--awb-caption-title-font-style:var(--h2_typography-font-style);--awb-caption-title-size:var(--h2_typography-font-size);--awb-caption-title-transform:var(--h2_typography-text-transform);--awb-caption-title-line-height:var(--h2_typography-line-height);--awb-caption-title-letter-spacing:var(--h2_typography-letter-spacing);\"><span class=\" fusion-imageframe imageframe-none imageframe-2 hover-type-none fusion-animated\" data-animationType=\"fadeInDown\" data-animationDuration=\"0.3\" data-animationOffset=\"top-into-view\"><img decoding=\"async\" width=\"2055\" height=\"1500\" title=\"67ISDT_Poland.jpg\" src=\"https:\/\/www.fim-isde.com\/2024-spain\/wp-content\/uploads\/sites\/9\/2019\/07\/67ISDT_Poland.jpg\" alt class=\"img-responsive wp-image-46847\" srcset=\"https:\/\/2024.fim-6days.com\/wp-content\/uploads\/sites\/9\/2019\/07\/67ISDT_Poland-200x146.jpg 200w, https:\/\/2024.fim-6days.com\/wp-content\/uploads\/sites\/9\/2019\/07\/67ISDT_Poland-400x292.jpg 400w, https:\/\/2024.fim-6days.com\/wp-content\/uploads\/sites\/9\/2019\/07\/67ISDT_Poland-600x438.jpg 600w, https:\/\/2024.fim-6days.com\/wp-content\/uploads\/sites\/9\/2019\/07\/67ISDT_Poland-800x584.jpg 800w, https:\/\/2024.fim-6days.com\/wp-content\/uploads\/sites\/9\/2019\/07\/67ISDT_Poland-1200x876.jpg 1200w, https:\/\/2024.fim-6days.com\/wp-content\/uploads\/sites\/9\/2019\/07\/67ISDT_Poland.jpg 2055w\" sizes=\"(max-width: 900px) 100vw, 800px\" \/><\/span><\/div><div class=\"fusion-clearfix\"><\/div><\/div><\/div><div class=\"fusion-layout-column fusion_builder_column fusion-builder-column-5 fusion_builder_column_1_3 1_3 fusion-one-third fusion-column-last fusion-animated\" style=\"--awb-bg-size:cover;width:33.333333333333%;width:calc(33.333333333333% - ( ( 5% ) * 0.33333333333333 ) );\" data-animationType=\"fadeInUp\" data-animationDuration=\"0.6\" data-animationOffset=\"top-into-view\"><div class=\"fusion-column-wrapper fusion-column-has-shadow fusion-flex-column-wrapper-legacy\"><div class=\"fusion-text fusion-text-3\" style=\"--awb-text-transform:none;\"><p>En 1985, el <strong>Junior Trophy (<\/strong>Trofeo Junior<strong>)<\/strong>, exclusivo para pilotos de hasta 23 a\u00f1os, pas\u00f3 a llamarse Silver Vase. El <strong>World Trophy <\/strong>adopt\u00f3 su configuraci\u00f3n actual, con equipos de 6 competidores libres de elegir sus propias motos.<\/p>\n<p>Finlandia tuvo su primer \u00e9xito en la categor\u00eda Junior en 1989 con un equipo dirigido por el muy prometedor Kari Tainen. El organiz\u00f3 su primer Seis D\u00edas siete a\u00f1os despu\u00e9s y, a partir de ese momento, el Enduro \u00abSuomi\u00bb se hizo extremadamente popular. Sin embargo, Francia y Espa\u00f1a tambi\u00e9n empezaban a demostrar su temple.<\/p>\n<p>En 2007, se introdujo el <strong>Women\u2019s Trophy (<\/strong>Trofeo Femenino<strong>)<\/strong> para equipos de tres pilotos y, desde el principio, ha sido dominado por las francesas. Hoy en d\u00eda, adem\u00e1s del <strong>World Trophy<\/strong>, el <strong>Junior Trophy <\/strong>y el <strong>Women\u2019s Trophy<\/strong>, existe tambi\u00e9n el <strong>Club Team Award (<\/strong>Premio por Equipos de Clubes<strong>)<\/strong> para equipos de tres miembros que representan a sus clubes.<\/p>\n<\/div><div class=\"fusion-clearfix\"><\/div><\/div><\/div><\/div><\/div><\/p>\n","protected":false},"excerpt":{"rendered":"","protected":false},"author":2,"featured_media":46848,"parent":0,"menu_order":0,"comment_status":"closed","ping_status":"closed","template":"100-width.php","meta":{"inline_featured_image":false,"footnotes":""},"class_list":["post-46846","page","type-page","status-publish","has-post-thumbnail","hentry"],"yoast_head":"<!-- This site is optimized with the Yoast SEO plugin v25.6 - https:\/\/yoast.com\/wordpress\/plugins\/seo\/ -->\n<title>Historia del ISDE - 2024 spain<\/title>\n<meta name=\"description\" content=\"Hace m\u00e1s de un siglo, en 1913, naci\u00f3 el m\u00e1s emocionante y venerable de los eventos de motociclismo off-road. Lo conocemos como los Seis D\u00edas Internacionales de Enduro (International Six Days of Enduro) y su larga historia sigue desarroll\u00e1ndose hoy en d\u00eda.\" \/>\n<meta name=\"robots\" content=\"index, follow, max-snippet:-1, max-image-preview:large, max-video-preview:-1\" \/>\n<link rel=\"canonical\" href=\"https:\/\/2024.fim-6days.com\/es\/historia-del-isde\/\" \/>\n<meta property=\"og:locale\" content=\"es_ES\" \/>\n<meta property=\"og:type\" content=\"article\" \/>\n<meta property=\"og:title\" content=\"Historia del ISDE - 2024 spain\" \/>\n<meta property=\"og:description\" content=\"Hace m\u00e1s de un siglo, en 1913, naci\u00f3 el m\u00e1s emocionante y venerable de los eventos de motociclismo off-road. Lo conocemos como los Seis D\u00edas Internacionales de Enduro (International Six Days of Enduro) y su larga historia sigue desarroll\u00e1ndose hoy en d\u00eda.\" \/>\n<meta property=\"og:url\" content=\"https:\/\/2024.fim-6days.com\/es\/historia-del-isde\/\" \/>\n<meta property=\"og:site_name\" content=\"2024 spain\" \/>\n<meta property=\"article:publisher\" content=\"https:\/\/www.facebook.com\/FIMISDE\/\" \/>\n<meta property=\"article:modified_time\" content=\"2023-03-17T08:46:56+00:00\" \/>\n<meta property=\"og:image\" content=\"https:\/\/2024.fim-6days.com\/wp-content\/uploads\/sites\/9\/2019\/07\/Historia_FIMISDE_1.jpg\" \/>\n\t<meta property=\"og:image:width\" content=\"600\" \/>\n\t<meta property=\"og:image:height\" content=\"666\" \/>\n\t<meta property=\"og:image:type\" content=\"image\/jpeg\" \/>\n<meta name=\"twitter:card\" content=\"summary_large_image\" \/>\n<meta name=\"twitter:site\" content=\"@fimisde\" \/>\n<meta name=\"twitter:label1\" content=\"Tiempo de lectura\" \/>\n\t<meta name=\"twitter:data1\" content=\"5 minutos\" \/>\n<script type=\"application\/ld+json\" class=\"yoast-schema-graph\">{\"@context\":\"https:\/\/schema.org\",\"@graph\":[{\"@type\":\"WebPage\",\"@id\":\"https:\/\/2024.fim-6days.com\/es\/historia-del-isde\/\",\"url\":\"https:\/\/2024.fim-6days.com\/es\/historia-del-isde\/\",\"name\":\"Historia del ISDE - 2024 spain\",\"isPartOf\":{\"@id\":\"https:\/\/2024.fim-6days.com\/#website\"},\"primaryImageOfPage\":{\"@id\":\"https:\/\/2024.fim-6days.com\/es\/historia-del-isde\/#primaryimage\"},\"image\":{\"@id\":\"https:\/\/2024.fim-6days.com\/es\/historia-del-isde\/#primaryimage\"},\"thumbnailUrl\":\"https:\/\/2024.fim-6days.com\/wp-content\/uploads\/sites\/9\/2019\/07\/Historia_FIMISDE_1.jpg\",\"datePublished\":\"2023-03-17T08:31:45+00:00\",\"dateModified\":\"2023-03-17T08:46:56+00:00\",\"description\":\"Hace m\u00e1s de un siglo, en 1913, naci\u00f3 el m\u00e1s emocionante y venerable de los eventos de motociclismo off-road. Lo conocemos como los Seis D\u00edas Internacionales de Enduro (International Six Days of Enduro) y su larga historia sigue desarroll\u00e1ndose hoy en d\u00eda.\",\"breadcrumb\":{\"@id\":\"https:\/\/2024.fim-6days.com\/es\/historia-del-isde\/#breadcrumb\"},\"inLanguage\":\"es\",\"potentialAction\":[{\"@type\":\"ReadAction\",\"target\":[\"https:\/\/2024.fim-6days.com\/es\/historia-del-isde\/\"]}]},{\"@type\":\"ImageObject\",\"inLanguage\":\"es\",\"@id\":\"https:\/\/2024.fim-6days.com\/es\/historia-del-isde\/#primaryimage\",\"url\":\"https:\/\/2024.fim-6days.com\/wp-content\/uploads\/sites\/9\/2019\/07\/Historia_FIMISDE_1.jpg\",\"contentUrl\":\"https:\/\/2024.fim-6days.com\/wp-content\/uploads\/sites\/9\/2019\/07\/Historia_FIMISDE_1.jpg\",\"width\":600,\"height\":666},{\"@type\":\"BreadcrumbList\",\"@id\":\"https:\/\/2024.fim-6days.com\/es\/historia-del-isde\/#breadcrumb\",\"itemListElement\":[{\"@type\":\"ListItem\",\"position\":1,\"name\":\"Home\",\"item\":\"https:\/\/2024.fim-6days.com\/es\/\"},{\"@type\":\"ListItem\",\"position\":2,\"name\":\"Historia del ISDE\"}]},{\"@type\":\"WebSite\",\"@id\":\"https:\/\/2024.fim-6days.com\/#website\",\"url\":\"https:\/\/2024.fim-6days.com\/\",\"name\":\"FIM ISDE 2021\",\"description\":\"FIM ISDE Official website\",\"publisher\":{\"@id\":\"https:\/\/2024.fim-6days.com\/#organization\"},\"potentialAction\":[{\"@type\":\"SearchAction\",\"target\":{\"@type\":\"EntryPoint\",\"urlTemplate\":\"https:\/\/2024.fim-6days.com\/?s={search_term_string}\"},\"query-input\":{\"@type\":\"PropertyValueSpecification\",\"valueRequired\":true,\"valueName\":\"search_term_string\"}}],\"inLanguage\":\"es\"},{\"@type\":\"Organization\",\"@id\":\"https:\/\/2024.fim-6days.com\/#organization\",\"name\":\"FIM - F\u00e9d\u00e9ration Internationale de Motocyclisme\",\"url\":\"https:\/\/2024.fim-6days.com\/\",\"logo\":{\"@type\":\"ImageObject\",\"inLanguage\":\"es\",\"@id\":\"https:\/\/2024.fim-6days.com\/#\/schema\/logo\/image\/\",\"url\":\"https:\/\/2024.fim-6days.com\/wp-content\/uploads\/sites\/9\/2019\/07\/LogoFIM-CMYK.png\",\"contentUrl\":\"https:\/\/2024.fim-6days.com\/wp-content\/uploads\/sites\/9\/2019\/07\/LogoFIM-CMYK.png\",\"width\":2608,\"height\":1833,\"caption\":\"FIM - F\u00e9d\u00e9ration Internationale de Motocyclisme\"},\"image\":{\"@id\":\"https:\/\/2024.fim-6days.com\/#\/schema\/logo\/image\/\"},\"sameAs\":[\"https:\/\/www.facebook.com\/FIMISDE\/\",\"https:\/\/x.com\/fimisde\",\"https:\/\/www.instagram.com\/fim_isde\/\"]}]}<\/script>\n<!-- \/ Yoast SEO plugin. -->","yoast_head_json":{"title":"Historia del ISDE - 2024 spain","description":"Hace m\u00e1s de un siglo, en 1913, naci\u00f3 el m\u00e1s emocionante y venerable de los eventos de motociclismo off-road. Lo conocemos como los Seis D\u00edas Internacionales de Enduro (International Six Days of Enduro) y su larga historia sigue desarroll\u00e1ndose hoy en d\u00eda.","robots":{"index":"index","follow":"follow","max-snippet":"max-snippet:-1","max-image-preview":"max-image-preview:large","max-video-preview":"max-video-preview:-1"},"canonical":"https:\/\/2024.fim-6days.com\/es\/historia-del-isde\/","og_locale":"es_ES","og_type":"article","og_title":"Historia del ISDE - 2024 spain","og_description":"Hace m\u00e1s de un siglo, en 1913, naci\u00f3 el m\u00e1s emocionante y venerable de los eventos de motociclismo off-road. Lo conocemos como los Seis D\u00edas Internacionales de Enduro (International Six Days of Enduro) y su larga historia sigue desarroll\u00e1ndose hoy en d\u00eda.","og_url":"https:\/\/2024.fim-6days.com\/es\/historia-del-isde\/","og_site_name":"2024 spain","article_publisher":"https:\/\/www.facebook.com\/FIMISDE\/","article_modified_time":"2023-03-17T08:46:56+00:00","og_image":[{"width":600,"height":666,"url":"https:\/\/2024.fim-6days.com\/wp-content\/uploads\/sites\/9\/2019\/07\/Historia_FIMISDE_1.jpg","type":"image\/jpeg"}],"twitter_card":"summary_large_image","twitter_site":"@fimisde","twitter_misc":{"Tiempo de lectura":"5 minutos"},"schema":{"@context":"https:\/\/schema.org","@graph":[{"@type":"WebPage","@id":"https:\/\/2024.fim-6days.com\/es\/historia-del-isde\/","url":"https:\/\/2024.fim-6days.com\/es\/historia-del-isde\/","name":"Historia del ISDE - 2024 spain","isPartOf":{"@id":"https:\/\/2024.fim-6days.com\/#website"},"primaryImageOfPage":{"@id":"https:\/\/2024.fim-6days.com\/es\/historia-del-isde\/#primaryimage"},"image":{"@id":"https:\/\/2024.fim-6days.com\/es\/historia-del-isde\/#primaryimage"},"thumbnailUrl":"https:\/\/2024.fim-6days.com\/wp-content\/uploads\/sites\/9\/2019\/07\/Historia_FIMISDE_1.jpg","datePublished":"2023-03-17T08:31:45+00:00","dateModified":"2023-03-17T08:46:56+00:00","description":"Hace m\u00e1s de un siglo, en 1913, naci\u00f3 el m\u00e1s emocionante y venerable de los eventos de motociclismo off-road. Lo conocemos como los Seis D\u00edas Internacionales de Enduro (International Six Days of Enduro) y su larga historia sigue desarroll\u00e1ndose hoy en d\u00eda.","breadcrumb":{"@id":"https:\/\/2024.fim-6days.com\/es\/historia-del-isde\/#breadcrumb"},"inLanguage":"es","potentialAction":[{"@type":"ReadAction","target":["https:\/\/2024.fim-6days.com\/es\/historia-del-isde\/"]}]},{"@type":"ImageObject","inLanguage":"es","@id":"https:\/\/2024.fim-6days.com\/es\/historia-del-isde\/#primaryimage","url":"https:\/\/2024.fim-6days.com\/wp-content\/uploads\/sites\/9\/2019\/07\/Historia_FIMISDE_1.jpg","contentUrl":"https:\/\/2024.fim-6days.com\/wp-content\/uploads\/sites\/9\/2019\/07\/Historia_FIMISDE_1.jpg","width":600,"height":666},{"@type":"BreadcrumbList","@id":"https:\/\/2024.fim-6days.com\/es\/historia-del-isde\/#breadcrumb","itemListElement":[{"@type":"ListItem","position":1,"name":"Home","item":"https:\/\/2024.fim-6days.com\/es\/"},{"@type":"ListItem","position":2,"name":"Historia del ISDE"}]},{"@type":"WebSite","@id":"https:\/\/2024.fim-6days.com\/#website","url":"https:\/\/2024.fim-6days.com\/","name":"FIM ISDE 2021","description":"FIM ISDE Official website","publisher":{"@id":"https:\/\/2024.fim-6days.com\/#organization"},"potentialAction":[{"@type":"SearchAction","target":{"@type":"EntryPoint","urlTemplate":"https:\/\/2024.fim-6days.com\/?s={search_term_string}"},"query-input":{"@type":"PropertyValueSpecification","valueRequired":true,"valueName":"search_term_string"}}],"inLanguage":"es"},{"@type":"Organization","@id":"https:\/\/2024.fim-6days.com\/#organization","name":"FIM - F\u00e9d\u00e9ration Internationale de Motocyclisme","url":"https:\/\/2024.fim-6days.com\/","logo":{"@type":"ImageObject","inLanguage":"es","@id":"https:\/\/2024.fim-6days.com\/#\/schema\/logo\/image\/","url":"https:\/\/2024.fim-6days.com\/wp-content\/uploads\/sites\/9\/2019\/07\/LogoFIM-CMYK.png","contentUrl":"https:\/\/2024.fim-6days.com\/wp-content\/uploads\/sites\/9\/2019\/07\/LogoFIM-CMYK.png","width":2608,"height":1833,"caption":"FIM - F\u00e9d\u00e9ration Internationale de Motocyclisme"},"image":{"@id":"https:\/\/2024.fim-6days.com\/#\/schema\/logo\/image\/"},"sameAs":["https:\/\/www.facebook.com\/FIMISDE\/","https:\/\/x.com\/fimisde","https:\/\/www.instagram.com\/fim_isde\/"]}]}},"_links":{"self":[{"href":"https:\/\/2024.fim-6days.com\/es\/wp-json\/wp\/v2\/pages\/46846","targetHints":{"allow":["GET"]}}],"collection":[{"href":"https:\/\/2024.fim-6days.com\/es\/wp-json\/wp\/v2\/pages"}],"about":[{"href":"https:\/\/2024.fim-6days.com\/es\/wp-json\/wp\/v2\/types\/page"}],"author":[{"embeddable":true,"href":"https:\/\/2024.fim-6days.com\/es\/wp-json\/wp\/v2\/users\/2"}],"replies":[{"embeddable":true,"href":"https:\/\/2024.fim-6days.com\/es\/wp-json\/wp\/v2\/comments?post=46846"}],"version-history":[{"count":1,"href":"https:\/\/2024.fim-6days.com\/es\/wp-json\/wp\/v2\/pages\/46846\/revisions"}],"predecessor-version":[{"id":46856,"href":"https:\/\/2024.fim-6days.com\/es\/wp-json\/wp\/v2\/pages\/46846\/revisions\/46856"}],"wp:featuredmedia":[{"embeddable":true,"href":"https:\/\/2024.fim-6days.com\/es\/wp-json\/wp\/v2\/media\/46848"}],"wp:attachment":[{"href":"https:\/\/2024.fim-6days.com\/es\/wp-json\/wp\/v2\/media?parent=46846"}],"curies":[{"name":"wp","href":"https:\/\/api.w.org\/{rel}","templated":true}]}}